{"id":48,"date":"2024-01-11T12:05:57","date_gmt":"2024-01-11T11:05:57","guid":{"rendered":"https:\/\/aefe-euskadi.eus\/?page_id=48"},"modified":"2024-01-12T13:37:29","modified_gmt":"2024-01-12T12:37:29","slug":"igualdad","status":"publish","type":"page","link":"https:\/\/aefe-euskadi.eus\/index.php\/igualdad\/","title":{"rendered":"Igualdad"},"content":{"rendered":"\n<div class=\"wp-block-media-text is-stacked-on-mobile has-ast-global-color-2-color has-ast-global-color-5-background-color has-text-color has-background has-link-color wp-elements-c6cf36b09d92ebf125715140431d0dd3\"><figure class=\"wp-block-media-text__media\"><img loading=\"lazy\" decoding=\"async\" width=\"1024\" height=\"576\" src=\"https:\/\/aefe-euskadi.eus\/wp-content\/uploads\/2024\/01\/IGUALDAD-3-1024x576.jpg\" alt=\"\" class=\"wp-image-207 size-full\" srcset=\"https:\/\/aefe-euskadi.eus\/wp-content\/uploads\/2024\/01\/IGUALDAD-3-1024x576.jpg 1024w, https:\/\/aefe-euskadi.eus\/wp-content\/uploads\/2024\/01\/IGUALDAD-3-300x169.jpg 300w, https:\/\/aefe-euskadi.eus\/wp-content\/uploads\/2024\/01\/IGUALDAD-3-768x432.jpg 768w, https:\/\/aefe-euskadi.eus\/wp-content\/uploads\/2024\/01\/IGUALDAD-3-1536x865.jpg 1536w, https:\/\/aefe-euskadi.eus\/wp-content\/uploads\/2024\/01\/IGUALDAD-3-2048x1153.jpg 2048w\" sizes=\"auto, (max-width: 1024px) 100vw, 1024px\" \/><\/figure><div class=\"wp-block-media-text__content\">\n<p>En AEFE\/EEFE entendemos que la SALUD va m\u00e1s all\u00e1 de lo meramente f\u00edsico y que abarca nuestras emociones, nuestra mente y c\u00f3mo nos sentimos en este mundo. Del mismo modo, cuando hablamos de G\u00c9NERO, estamos hablando de la manera en que vivimos nuestras vidas, de las expectativas que enfrentamos y de las historias que nos definen.<\/p>\n\n\n\n<p>Como profesionales de la salud, estamos aqu\u00ed para para cuidar, acompa\u00f1ar, comprender y para luchar contra las ra\u00edces de la desigualdad y la violencia de g\u00e9nero.<\/p>\n<\/div><\/div>\n\n\n\n<div class=\"wp-block-media-text has-media-on-the-right is-stacked-on-mobile has-ast-global-color-2-color has-ast-global-color-5-background-color has-text-color has-background has-link-color wp-elements-fc5b8177e0c25ce5a0cd5bf072a196c8\"><div class=\"wp-block-media-text__content\">\n<p>Por todo esto, desde AEFE\/EEFE queremos aunar la formaci\u00f3n y la sensibilizaci\u00f3n en g\u00e9nero y salud para entender que la salud est\u00e1 conectada con qui\u00e9nes somos y c\u00f3mo tratamos a las dem\u00e1s personas y podamos seguir avanzando hacia una sociedad m\u00e1s justa y equitativa en el \u00e1mbito de la salud.<\/p>\n<\/div><figure class=\"wp-block-media-text__media\"><img loading=\"lazy\" decoding=\"async\" width=\"1024\" height=\"576\" src=\"https:\/\/aefe-euskadi.eus\/wp-content\/uploads\/2024\/01\/IGUALDAD-1-1024x576.jpg\" alt=\"\" class=\"wp-image-208 size-full\" srcset=\"https:\/\/aefe-euskadi.eus\/wp-content\/uploads\/2024\/01\/IGUALDAD-1-1024x576.jpg 1024w, https:\/\/aefe-euskadi.eus\/wp-content\/uploads\/2024\/01\/IGUALDAD-1-300x169.jpg 300w, https:\/\/aefe-euskadi.eus\/wp-content\/uploads\/2024\/01\/IGUALDAD-1-768x432.jpg 768w, https:\/\/aefe-euskadi.eus\/wp-content\/uploads\/2024\/01\/IGUALDAD-1-1536x865.jpg 1536w, https:\/\/aefe-euskadi.eus\/wp-content\/uploads\/2024\/01\/IGUALDAD-1-2048x1153.jpg 2048w\" sizes=\"auto, (max-width: 1024px) 100vw, 1024px\" \/><\/figure><\/div>\n\n\n\n<figure class=\"wp-block-image size-large is-resized\"><img loading=\"lazy\" decoding=\"async\" width=\"1024\" height=\"468\" src=\"https:\/\/aefe-euskadi.eus\/wp-content\/uploads\/2024\/01\/Banner-Web_Pacto_1200x548px_ES-1024x468.png\" alt=\"\" class=\"wp-image-210\" style=\"width:1200px;height:auto\" srcset=\"https:\/\/aefe-euskadi.eus\/wp-content\/uploads\/2024\/01\/Banner-Web_Pacto_1200x548px_ES-1024x468.png 1024w, https:\/\/aefe-euskadi.eus\/wp-content\/uploads\/2024\/01\/Banner-Web_Pacto_1200x548px_ES-300x137.png 300w, https:\/\/aefe-euskadi.eus\/wp-content\/uploads\/2024\/01\/Banner-Web_Pacto_1200x548px_ES-768x351.png 768w, https:\/\/aefe-euskadi.eus\/wp-content\/uploads\/2024\/01\/Banner-Web_Pacto_1200x548px_ES.png 1200w\" sizes=\"auto, (max-width: 1024px) 100vw, 1024px\" \/><\/figure>\n","protected":false},"excerpt":{"rendered":"<p>En AEFE\/EEFE entendemos que la SALUD va m\u00e1s all\u00e1 de lo meramente f\u00edsico y que abarca nuestras emociones, nuestra mente y c\u00f3mo nos sentimos en este mundo. Del mismo modo, cuando hablamos de G\u00c9NERO, estamos hablando de la manera en que vivimos nuestras vidas, de las expectativas que enfrentamos y de las historias que nos &hellip;<\/p>\n<p class=\"read-more\"> <a class=\"\" href=\"https:\/\/aefe-euskadi.eus\/index.php\/igualdad\/\"> <span class=\"screen-reader-text\">Igualdad<\/span> Leer m\u00e1s &raquo;<\/a><\/p>\n","protected":false},"author":1,"featured_media":0,"parent":0,"menu_order":0,"comment_status":"closed","ping_status":"closed","template":"","meta":{"site-sidebar-layout":"default","site-content-layout":"","ast-site-content-layout":"","site-content-style":"default","site-sidebar-style":"default","ast-global-header-display":"","ast-banner-title-visibility":"","ast-main-header-display":"","ast-hfb-above-header-display":"","ast-hfb-below-header-display":"","ast-hfb-mobile-header-display":"","site-post-title":"","ast-breadcrumbs-content":"","ast-featured-img":"","footer-sml-layout":"","theme-transparent-header-meta":"","adv-header-id-meta":"","stick-header-meta":"","header-above-stick-meta":"","header-main-stick-meta":"","header-below-stick-meta":"","astra-migrate-meta-layouts":"default","ast-page-background-enabled":"default","ast-page-background-meta":{"desktop":{"background-color":"var(--ast-global-color-4)","background-image":"","background-repeat":"repeat","background-position":"center center","background-size":"auto","background-attachment":"scroll","background-type":"","background-media":"","overlay-type":"","overlay-color":"","overlay-gradient":""},"tablet":{"background-color":"","background-image":"","background-repeat":"repeat","background-position":"center center","background-size":"auto","background-attachment":"scroll","background-type":"","background-media":"","overlay-type":"","overlay-color":"","overlay-gradient":""},"mobile":{"background-color":"","background-image":"","background-repeat":"repeat","background-position":"center center","background-size":"auto","background-attachment":"scroll","background-type":"","background-media":"","overlay-type":"","overlay-color":"","overlay-gradient":""}},"ast-content-background-meta":{"desktop":{"background-color":"var(--ast-global-color-5)","background-image":"","background-repeat":"repeat","background-position":"center center","background-size":"auto","background-attachment":"scroll","background-type":"","background-media":"","overlay-type":"","overlay-color":"","overlay-gradient":""},"tablet":{"background-color":"var(--ast-global-color-5)","background-image":"","background-repeat":"repeat","background-position":"center center","background-size":"auto","background-attachment":"scroll","background-type":"","background-media":"","overlay-type":"","overlay-color":"","overlay-gradient":""},"mobile":{"background-color":"var(--ast-global-color-5)","background-image":"","background-repeat":"repeat","background-position":"center center","background-size":"auto","background-attachment":"scroll","background-type":"","background-media":"","overlay-type":"","overlay-color":"","overlay-gradient":""}},"footnotes":""},"class_list":["post-48","page","type-page","status-publish","hentry"],"_links":{"self":[{"href":"https:\/\/aefe-euskadi.eus\/index.php\/wp-json\/wp\/v2\/pages\/48","targetHints":{"allow":["GET"]}}],"collection":[{"href":"https:\/\/aefe-euskadi.eus\/index.php\/wp-json\/wp\/v2\/pages"}],"about":[{"href":"https:\/\/aefe-euskadi.eus\/index.php\/wp-json\/wp\/v2\/types\/page"}],"author":[{"embeddable":true,"href":"https:\/\/aefe-euskadi.eus\/index.php\/wp-json\/wp\/v2\/users\/1"}],"replies":[{"embeddable":true,"href":"https:\/\/aefe-euskadi.eus\/index.php\/wp-json\/wp\/v2\/comments?post=48"}],"version-history":[{"count":2,"href":"https:\/\/aefe-euskadi.eus\/index.php\/wp-json\/wp\/v2\/pages\/48\/revisions"}],"predecessor-version":[{"id":211,"href":"https:\/\/aefe-euskadi.eus\/index.php\/wp-json\/wp\/v2\/pages\/48\/revisions\/211"}],"wp:attachment":[{"href":"https:\/\/aefe-euskadi.eus\/index.php\/wp-json\/wp\/v2\/media?parent=48"}],"curies":[{"name":"wp","href":"https:\/\/api.w.org\/{rel}","templated":true}]}}