{"id":11,"date":"2024-01-11T09:20:14","date_gmt":"2024-01-11T08:20:14","guid":{"rendered":"https:\/\/aefe-euskadi.eus\/?page_id=11"},"modified":"2024-01-19T12:01:42","modified_gmt":"2024-01-19T11:01:42","slug":"home","status":"publish","type":"page","link":"https:\/\/aefe-euskadi.eus\/","title":{"rendered":"Home"},"content":{"rendered":"\n<div class=\"wp-block-cover alignfull\" style=\"border-style:none;border-width:0px;border-radius:8px;margin-top:0;margin-bottom:0;min-height:396px;aspect-ratio:unset;\"><span aria-hidden=\"true\" class=\"wp-block-cover__background has-background-dim-100 has-background-dim has-background-gradient\" style=\"background:linear-gradient(135deg,rgb(6,147,227) 0%,rgb(155,81,224) 64%,rgb(117,29,72) 95%)\"><\/span><div class=\"wp-block-cover__inner-container is-layout-constrained wp-block-cover-is-layout-constrained\">\n<div class=\"inherit-container-width wp-block-group alignwide is-layout-constrained wp-block-group-is-layout-constrained\">\n<div class=\"wp-block-media-text alignwide has-media-on-the-right is-stacked-on-mobile is-vertically-aligned-center\" style=\"grid-template-columns:auto 48%\"><div class=\"wp-block-media-text__content\">\n<p class=\"has-text-align-center has-ast-global-color-5-color has-text-color has-link-color has-large-font-size wp-elements-7efd5f08db666880bf82fd69d8aba4ec\"><strong>Asociaci\u00f3n de Enfermer\u00eda y Fisioterapeutas de Euskadi<\/strong><\/p>\n\n\n\n<hr class=\"wp-block-separator has-alpha-channel-opacity\"\/>\n\n\n\n<h4 class=\"wp-block-heading has-text-align-left has-white-color has-text-color\"><em>\u201cMira de cerca el presente que estas construyendo porque debe parecerse al futuro con el que sue\u00f1as\u2026\u201d<\/em> <\/h4>\n\n\n\n<h4 class=\"wp-block-heading has-text-align-right has-white-color has-text-color\">Alicia Walker<\/h4>\n\n\n\n<div class=\"wp-block-buttons is-layout-flex wp-block-buttons-is-layout-flex\">\n<div class=\"wp-block-button is-style-fill\"><a class=\"wp-block-button__link has-ast-global-color-0-color has-text-color has-link-color wp-element-button\" href=\"https:\/\/aefe-euskadi.eus\/index.php\/sobre-nosotras\/\">Sobre nosotras<\/a><\/div>\n<\/div>\n<\/div><figure class=\"wp-block-media-text__media\"><a href=\"https:\/\/aefe-euskadi.eus\/index.php\/sobre-nosotras\/\"><img loading=\"lazy\" decoding=\"async\" width=\"1024\" height=\"610\" src=\"https:\/\/aefe-euskadi.eus\/wp-content\/uploads\/2024\/01\/FOTO-WEB-2-e1705049576567-1024x610.jpeg\" alt=\"\" class=\"wp-image-132 size-full\" srcset=\"https:\/\/aefe-euskadi.eus\/wp-content\/uploads\/2024\/01\/FOTO-WEB-2-e1705049576567-1024x610.jpeg 1024w, https:\/\/aefe-euskadi.eus\/wp-content\/uploads\/2024\/01\/FOTO-WEB-2-e1705049576567-300x179.jpeg 300w, https:\/\/aefe-euskadi.eus\/wp-content\/uploads\/2024\/01\/FOTO-WEB-2-e1705049576567-768x457.jpeg 768w, https:\/\/aefe-euskadi.eus\/wp-content\/uploads\/2024\/01\/FOTO-WEB-2-e1705049576567.jpeg 1253w\" sizes=\"auto, (max-width: 1024px) 100vw, 1024px\" \/><\/a><\/figure><\/div>\n<\/div>\n<\/div><\/div>\n\n\n\n<div class=\"wp-block-group alignfull has-ast-global-color-5-background-color has-background is-nowrap is-layout-flex wp-container-core-group-is-layout-7c8a8ed1 wp-block-group-is-layout-flex\" style=\"margin-top:0;margin-bottom:0;padding-bottom:27px\">\n<div class=\"wp-block-columns is-layout-flex wp-container-core-columns-is-layout-00723822 wp-block-columns-is-layout-flex\">\n<div class=\"wp-block-column is-vertically-aligned-top is-layout-flow wp-container-core-column-is-layout-6b73ce23 wp-block-column-is-layout-flow\">\n<figure class=\"wp-block-image size-large is-style-default wp-duotone-purple-green\"><img decoding=\"async\" src=\"https:\/\/aefe-euskadi.eus\/wp-content\/themes\/astra\/inc\/assets\/images\/starter-content\/building.svg\" alt=\"\" class=\"wp-image-134\"\/><\/figure>\n\n\n\n<h3 class=\"wp-block-heading has-text-align-left\" style=\"margin-top:16px\">Investigaci\u00f3n<\/h3>\n\n\n\n<p class=\"has-text-align-left\">\u00abImpulsando la Innovaci\u00f3n: Nuestro Compromiso con la Investigaci\u00f3n en Salud\u00bb<\/p>\n<\/div>\n\n\n\n<div class=\"wp-block-column is-vertically-aligned-top is-layout-flow wp-container-core-column-is-layout-6b73ce23 wp-block-column-is-layout-flow\">\n<figure class=\"wp-block-image size-large is-style-default wp-duotone-a60072-67ff66-1\"><img decoding=\"async\" src=\"https:\/\/aefe-euskadi.eus\/wp-content\/themes\/astra\/inc\/assets\/images\/starter-content\/portfolio.svg\" alt=\"\"\/><\/figure>\n\n\n\n<h3 class=\"wp-block-heading has-text-align-left\" style=\"margin-top:16px\">Docencia<\/h3>\n\n\n\n<p class=\"has-text-align-left\">\u00abFormar para Avanzar: Fortaleciendo el Futuro de la Enfermer\u00eda y Fisioterapia\u00bb<\/p>\n\n\n\n<p>  <\/p>\n<\/div>\n\n\n\n<div class=\"wp-block-column is-vertically-aligned-top is-layout-flow wp-container-core-column-is-layout-6b73ce23 wp-block-column-is-layout-flow\">\n<figure class=\"wp-block-image size-large wp-duotone-purple-green\"><img decoding=\"async\" src=\"https:\/\/aefe-euskadi.eus\/wp-content\/themes\/astra\/inc\/assets\/images\/starter-content\/blog.svg\" alt=\"\" class=\"wp-image-136\"\/><\/figure>\n\n\n\n<h3 class=\"wp-block-heading has-text-align-left\" style=\"margin-top:16px\">Comisiones <\/h3>\n\n\n\n<p class=\"has-text-align-left\">\u00abColaboraci\u00f3n Especializada: Fomentando la Excelencia a trav\u00e9s de Comisiones de Trabajo\u00bb<\/p>\n<\/div>\n\n\n\n<div class=\"wp-block-column is-vertically-aligned-top is-layout-flow wp-container-core-column-is-layout-6b73ce23 wp-block-column-is-layout-flow\">\n<figure class=\"wp-block-image size-large wp-duotone-purple-green\"><img decoding=\"async\" src=\"https:\/\/aefe-euskadi.eus\/wp-content\/themes\/astra\/inc\/assets\/images\/starter-content\/shopping-bag.svg\" alt=\"\"\/><\/figure>\n\n\n\n<h3 class=\"wp-block-heading has-text-align-left\" style=\"margin-top:16px\">Sesiones cl\u00ednicas<\/h3>\n\n\n\n<p>\u00abAprendizaje Continuo: Sesiones Cl\u00ednicas para el Desarrollo Profesional Sostenible\u00bb<\/p>\n<\/div>\n<\/div>\n<\/div>\n\n\n\n<div class=\"wp-block-group alignfull has-ast-global-color-4-background-color has-background is-vertical is-layout-flex wp-container-core-group-is-layout-b2819e86 wp-block-group-is-layout-flex\" id=\"services\" style=\"margin-top:0;margin-bottom:0;padding-top:38px;padding-bottom:24px\">\n<h2 class=\"wp-block-heading\">Nuestras acciones<\/h2>\n\n\n\n<div class=\"wp-block-columns is-layout-flex wp-container-core-columns-is-layout-60cbf9bb wp-block-columns-is-layout-flex\" style=\"margin-top:50px\">\n<div class=\"wp-block-column is-layout-flow wp-container-core-column-is-layout-6b73ce23 wp-block-column-is-layout-flow\">\n<figure class=\"wp-block-image size-full has-custom-border is-style-rounded\"><a href=\"https:\/\/aefe-euskadi.eus\/index.php\/docencia\/\"><img loading=\"lazy\" decoding=\"async\" width=\"480\" height=\"600\" src=\"https:\/\/aefe-euskadi.eus\/wp-content\/uploads\/2024\/01\/2.jpg\" alt=\"\" class=\"wp-image-128\" style=\"border-radius:13px\" srcset=\"https:\/\/aefe-euskadi.eus\/wp-content\/uploads\/2024\/01\/2.jpg 480w, https:\/\/aefe-euskadi.eus\/wp-content\/uploads\/2024\/01\/2-240x300.jpg 240w\" sizes=\"auto, (max-width: 480px) 100vw, 480px\" \/><\/a><\/figure>\n\n\n\n<h3 class=\"wp-block-heading\" style=\"margin-top:16px\"><a href=\"https:\/\/aefe-euskadi.eus\/index.php\/docencia\/\" data-type=\"page\" data-id=\"46\">Docencia<\/a><\/h3>\n\n\n\n<p>En AEFE\/EEFE apostamos por una formaci\u00f3n que fortalezca el coraz\u00f3n de nuestra labor, del CUIDAR.<\/p>\n\n\n\n<p><\/p>\n<\/div>\n\n\n\n<div class=\"wp-block-column is-layout-flow wp-container-core-column-is-layout-6b73ce23 wp-block-column-is-layout-flow\">\n<figure class=\"wp-block-image size-full has-custom-border is-style-rounded\"><a href=\"https:\/\/aefe-euskadi.eus\/index.php\/igualdad\/\"><img loading=\"lazy\" decoding=\"async\" width=\"480\" height=\"600\" src=\"https:\/\/aefe-euskadi.eus\/wp-content\/uploads\/2024\/01\/IGUALDAD.png\" alt=\"\" class=\"wp-image-131\" style=\"border-radius:13px\" srcset=\"https:\/\/aefe-euskadi.eus\/wp-content\/uploads\/2024\/01\/IGUALDAD.png 480w, https:\/\/aefe-euskadi.eus\/wp-content\/uploads\/2024\/01\/IGUALDAD-240x300.png 240w\" sizes=\"auto, (max-width: 480px) 100vw, 480px\" \/><\/a><\/figure>\n\n\n\n<h3 class=\"wp-block-heading\" style=\"margin-top:16px\"><a href=\"https:\/\/aefe-euskadi.eus\/index.php\/igualdad\/\" data-type=\"page\" data-id=\"48\">Igualdad<\/a><\/h3>\n\n\n\n<p>Como profesionales de la salud, estamos aqu\u00ed para para cuidar, acompa\u00f1ar, comprender y para luchar contra las ra\u00edces de la desigualdad y la violencia de g\u00e9nero.<\/p>\n<\/div>\n\n\n\n<div class=\"wp-block-column is-layout-flow wp-container-core-column-is-layout-6b73ce23 wp-block-column-is-layout-flow\">\n<figure class=\"wp-block-image size-full has-custom-border is-style-rounded\"><a href=\"https:\/\/aefe-euskadi.eus\/index.php\/colaboraciones\/\"><img loading=\"lazy\" decoding=\"async\" width=\"480\" height=\"600\" src=\"https:\/\/aefe-euskadi.eus\/wp-content\/uploads\/2024\/01\/COALBORACIONES.jpg\" alt=\"\" class=\"wp-image-130\" style=\"border-radius:13px\" srcset=\"https:\/\/aefe-euskadi.eus\/wp-content\/uploads\/2024\/01\/COALBORACIONES.jpg 480w, https:\/\/aefe-euskadi.eus\/wp-content\/uploads\/2024\/01\/COALBORACIONES-240x300.jpg 240w\" sizes=\"auto, (max-width: 480px) 100vw, 480px\" \/><\/a><\/figure>\n\n\n\n<h3 class=\"wp-block-heading\" style=\"margin-top:16px\"><a href=\"https:\/\/aefe-euskadi.eus\/index.php\/colaboraciones\/\" data-type=\"page\" data-id=\"51\">Colaboraciones<\/a><\/h3>\n\n\n\n<p>La Asociaci\u00f3n AEFE\/EEFE cuenta con una colaboraci\u00f3n institucional con el sindicato SATSE.<\/p>\n<\/div>\n<\/div>\n<\/div>\n\n\n\n<div class=\"wp-block-group alignfull has-light-green-cyan-to-vivid-green-cyan-gradient-background has-background is-vertical is-nowrap is-layout-flex wp-container-core-group-is-layout-b4011231 wp-block-group-is-layout-flex\" id=\"about\" style=\"min-height:0px;margin-top:0;margin-bottom:0;padding-top:17px;padding-bottom:17px\">\n<div class=\"wp-block-media-text has-media-on-the-right is-stacked-on-mobile is-vertically-aligned-center\" style=\"grid-template-columns:auto 54%\"><div class=\"wp-block-media-text__content\">\n<div class=\"inherit-container-width wp-block-group is-layout-constrained wp-container-core-group-is-layout-47ce07ec wp-block-group-is-layout-constrained\" style=\"padding-right:80px\">\n<h2 class=\"wp-block-heading\" style=\"padding-right:40px\">Cursos de Formaci\u00f3n<\/h2>\n\n\n\n<p class=\"has-ast-global-color-2-color has-text-color has-link-color wp-elements-f1c81e2c5ae7b70172671b11bed8ec32\">Hemos adquirido un <strong>compromiso especial<\/strong> en dar respuestas a las demandas de <strong>formaci\u00f3n continuada,<\/strong> <strong>reciclaje profesional<\/strong> e <strong>investigaci\u00f3n<\/strong> de las <strong>enfermeras\/os y fisioterapeutas,<\/strong> con una cartera de actividades docentes de car\u00e1cter multidisciplinar, que puedan cubrir nuestras necesidades de aprendizaje.<\/p>\n<\/div>\n\n\n\n<div class=\"wp-block-buttons is-layout-flex wp-block-buttons-is-layout-flex\">\n<div class=\"wp-block-button\"><a class=\"wp-block-button__link wp-element-button\" href=\"https:\/\/aefe-euskadi.eus\/index.php\/cursos\/\">M\u00e1s informaci\u00f3n<\/a><\/div>\n<\/div>\n<\/div><figure class=\"wp-block-media-text__media\"><a href=\"https:\/\/aefe-euskadi.eus\/index.php\/cursos\/\"><img loading=\"lazy\" decoding=\"async\" width=\"1024\" height=\"478\" src=\"https:\/\/aefe-euskadi.eus\/wp-content\/uploads\/2024\/01\/FOTO-WEB-1024x478.jpeg\" alt=\"\" class=\"wp-image-125 size-full\" srcset=\"https:\/\/aefe-euskadi.eus\/wp-content\/uploads\/2024\/01\/FOTO-WEB-1024x478.jpeg 1024w, https:\/\/aefe-euskadi.eus\/wp-content\/uploads\/2024\/01\/FOTO-WEB-300x140.jpeg 300w, https:\/\/aefe-euskadi.eus\/wp-content\/uploads\/2024\/01\/FOTO-WEB-768x359.jpeg 768w, https:\/\/aefe-euskadi.eus\/wp-content\/uploads\/2024\/01\/FOTO-WEB-1536x717.jpeg 1536w, https:\/\/aefe-euskadi.eus\/wp-content\/uploads\/2024\/01\/FOTO-WEB.jpeg 1600w\" sizes=\"auto, (max-width: 1024px) 100vw, 1024px\" \/><\/a><\/figure><\/div>\n<\/div>\n\n\n\n<div class=\"wp-block-group alignfull has-ast-global-color-4-background-color has-background is-layout-constrained wp-block-group-is-layout-constrained\" id=\"reviews\" style=\"padding-top:var(--wp--preset--spacing--20);padding-bottom:var(--wp--preset--spacing--20)\">\n<figure class=\"wp-block-image aligncenter size-full is-resized is-style-rounded\"><img loading=\"lazy\" decoding=\"async\" width=\"900\" height=\"940\" src=\"https:\/\/aefe-euskadi.eus\/wp-content\/uploads\/2024\/01\/ROBERT-HEINLEIN.jpg\" alt=\"\" class=\"wp-image-127\" style=\"width:82px;height:auto\" srcset=\"https:\/\/aefe-euskadi.eus\/wp-content\/uploads\/2024\/01\/ROBERT-HEINLEIN.jpg 900w, https:\/\/aefe-euskadi.eus\/wp-content\/uploads\/2024\/01\/ROBERT-HEINLEIN-287x300.jpg 287w, https:\/\/aefe-euskadi.eus\/wp-content\/uploads\/2024\/01\/ROBERT-HEINLEIN-768x802.jpg 768w\" sizes=\"auto, (max-width: 900px) 100vw, 900px\" \/><\/figure>\n\n\n\n<hr class=\"wp-block-separator has-alpha-channel-opacity\"\/>\n\n\n\n<p class=\"has-text-align-center\" style=\"font-size:22px;line-height:1.6\"><em>\u201cCuando una persona ense\u00f1a, dos aprenden\u201d <\/em><\/p>\n\n\n\n<p class=\"has-text-align-center\"><strong>Robert Heinlein<\/strong><\/p>\n<\/div>\n\n\n\n<div id=\"contacta\" class=\"wp-block-group is-vertical is-layout-flex wp-container-core-group-is-layout-193ef9c9 wp-block-group-is-layout-flex\" style=\"padding-top:0px;padding-bottom:0px\">\n<h2 class=\"wp-block-heading\">Contacta con nosotras:<\/h2>\n\n\n\n<div class=\"wp-block-columns is-layout-flex wp-container-core-columns-is-layout-29aadeec wp-block-columns-is-layout-flex\" style=\"margin-top:60px\">\n<div class=\"wp-block-column is-layout-flow wp-container-core-column-is-layout-6b73ce23 wp-block-column-is-layout-flow\">\n<figure class=\"wp-block-image aligncenter size-large wp-duotone-a60072-0693e3-3\"><img decoding=\"async\" src=\"https:\/\/aefe-euskadi.eus\/wp-content\/themes\/astra\/inc\/assets\/images\/starter-content\/passionate.svg\" alt=\"\" class=\"wp-image-162\"\/><\/figure>\n\n\n\n<hr class=\"wp-block-separator has-alpha-channel-opacity\"\/>\n\n\n\n<h3 class=\"wp-block-heading has-text-align-center\" style=\"margin-top:16px\">Email:<\/h3>\n\n\n\n<h5 class=\"wp-block-heading has-text-align-center has-medium-font-size\" style=\"margin-top:16px\"><a href=\"mailto: aefe.euskadi@gmail.com\" data-type=\"mailto\" data-id=\"mailto:\">aefe.euskadi@gmail.com<\/a><\/h5>\n<\/div>\n\n\n\n<div class=\"wp-block-column is-layout-flow wp-container-core-column-is-layout-6b73ce23 wp-block-column-is-layout-flow\">\n<figure class=\"wp-block-image aligncenter size-large wp-duotone-a60072-0693e3-4\"><img decoding=\"async\" src=\"https:\/\/aefe-euskadi.eus\/wp-content\/themes\/astra\/inc\/assets\/images\/starter-content\/professional.svg\" alt=\"\" class=\"wp-image-163\"\/><\/figure>\n\n\n\n<hr class=\"wp-block-separator has-alpha-channel-opacity\"\/>\n\n\n\n<h3 class=\"wp-block-heading has-text-align-center\" style=\"margin-top:16px\">Tel\u00e9fono:<\/h3>\n\n\n\n<p class=\"has-text-align-center has-medium-font-size\">629 961 204<\/p>\n<\/div>\n\n\n\n<div class=\"wp-block-column is-layout-flow wp-container-core-column-is-layout-6b73ce23 wp-block-column-is-layout-flow\">\n<figure class=\"wp-block-image aligncenter size-large wp-duotone-a60072-0693e3-5\"><img decoding=\"async\" src=\"https:\/\/aefe-euskadi.eus\/wp-content\/themes\/astra\/inc\/assets\/images\/starter-content\/support.svg\" alt=\"\" class=\"wp-image-164\"\/><\/figure>\n\n\n\n<hr class=\"wp-block-separator has-alpha-channel-opacity\"\/>\n\n\n\n<h3 class=\"wp-block-heading has-text-align-center\" style=\"margin-top:16px\">Direcci\u00f3n:<\/h3>\n\n\n\n<p class=\"has-text-align-center has-medium-font-size\">Pl. Garellano, 14 (trasera),  48013 Bilbao, Bizkaia. Euskadi.<\/p>\n<\/div>\n<\/div>\n<\/div>\n","protected":false},"excerpt":{"rendered":"<p>Investigaci\u00f3n \u00abImpulsando la Innovaci\u00f3n: Nuestro Compromiso con la Investigaci\u00f3n en Salud\u00bb Docencia \u00abFormar para Avanzar: Fortaleciendo el Futuro de la Enfermer\u00eda y Fisioterapia\u00bb Comisiones \u00abColaboraci\u00f3n Especializada: Fomentando la Excelencia a trav\u00e9s de Comisiones de Trabajo\u00bb Sesiones cl\u00ednicas \u00abAprendizaje Continuo: Sesiones Cl\u00ednicas para el Desarrollo Profesional Sostenible\u00bb Nuestras acciones Docencia En AEFE\/EEFE apostamos por una formaci\u00f3n &hellip;<\/p>\n<p class=\"read-more\"> <a class=\"\" href=\"https:\/\/aefe-euskadi.eus\/\"> <span class=\"screen-reader-text\">Home<\/span> Leer m\u00e1s &raquo;<\/a><\/p>\n","protected":false},"author":1,"featured_media":0,"parent":0,"menu_order":0,"comment_status":"closed","ping_status":"closed","template":"","meta":{"site-sidebar-layout":"no-sidebar","site-content-layout":"plain-container","ast-site-content-layout":"","site-content-style":"default","site-sidebar-style":"default","ast-global-header-display":"","ast-banner-title-visibility":"","ast-main-header-display":"","ast-hfb-above-header-display":"","ast-hfb-below-header-display":"","ast-hfb-mobile-header-display":"","site-post-title":"disabled","ast-breadcrumbs-content":"","ast-featured-img":"","footer-sml-layout":"","theme-transparent-header-meta":"enabled","adv-header-id-meta":"","stick-header-meta":"","header-above-stick-meta":"","header-main-stick-meta":"","header-below-stick-meta":"","astra-migrate-meta-layouts":"default","ast-page-background-enabled":"default","ast-page-background-meta":{"desktop":{"background-color":"var(--ast-global-color-4)","background-image":"","background-repeat":"repeat","background-position":"center center","background-size":"auto","background-attachment":"scroll","background-type":"","background-media":"","overlay-type":"","overlay-color":"","overlay-gradient":""},"tablet":{"background-color":"","background-image":"","background-repeat":"repeat","background-position":"center center","background-size":"auto","background-attachment":"scroll","background-type":"","background-media":"","overlay-type":"","overlay-color":"","overlay-gradient":""},"mobile":{"background-color":"","background-image":"","background-repeat":"repeat","background-position":"center center","background-size":"auto","background-attachment":"scroll","background-type":"","background-media":"","overlay-type":"","overlay-color":"","overlay-gradient":""}},"ast-content-background-meta":{"desktop":{"background-color":"var(--ast-global-color-5)","background-image":"","background-repeat":"repeat","background-position":"center center","background-size":"auto","background-attachment":"scroll","background-type":"","background-media":"","overlay-type":"","overlay-color":"","overlay-gradient":""},"tablet":{"background-color":"var(--ast-global-color-5)","background-image":"","background-repeat":"repeat","background-position":"center center","background-size":"auto","background-attachment":"scroll","background-type":"","background-media":"","overlay-type":"","overlay-color":"","overlay-gradient":""},"mobile":{"background-color":"var(--ast-global-color-5)","background-image":"","background-repeat":"repeat","background-position":"center center","background-size":"auto","background-attachment":"scroll","background-type":"","background-media":"","overlay-type":"","overlay-color":"","overlay-gradient":""}},"footnotes":""},"class_list":["post-11","page","type-page","status-publish","hentry"],"_links":{"self":[{"href":"https:\/\/aefe-euskadi.eus\/index.php\/wp-json\/wp\/v2\/pages\/11","targetHints":{"allow":["GET"]}}],"collection":[{"href":"https:\/\/aefe-euskadi.eus\/index.php\/wp-json\/wp\/v2\/pages"}],"about":[{"href":"https:\/\/aefe-euskadi.eus\/index.php\/wp-json\/wp\/v2\/types\/page"}],"author":[{"embeddable":true,"href":"https:\/\/aefe-euskadi.eus\/index.php\/wp-json\/wp\/v2\/users\/1"}],"replies":[{"embeddable":true,"href":"https:\/\/aefe-euskadi.eus\/index.php\/wp-json\/wp\/v2\/comments?post=11"}],"version-history":[{"count":47,"href":"https:\/\/aefe-euskadi.eus\/index.php\/wp-json\/wp\/v2\/pages\/11\/revisions"}],"predecessor-version":[{"id":316,"href":"https:\/\/aefe-euskadi.eus\/index.php\/wp-json\/wp\/v2\/pages\/11\/revisions\/316"}],"wp:attachment":[{"href":"https:\/\/aefe-euskadi.eus\/index.php\/wp-json\/wp\/v2\/media?parent=11"}],"curies":[{"name":"wp","href":"https:\/\/api.w.org\/{rel}","templated":true}]}}